{"id":895,"date":"2020-10-24T09:10:07","date_gmt":"2020-10-24T09:10:07","guid":{"rendered":"http:\/\/formationplus.smainternational.info\/?page_id=895"},"modified":"2020-10-31T20:05:51","modified_gmt":"2020-10-31T20:05:51","slug":"facebook","status":"publish","type":"page","link":"https:\/\/www.formationplus.smainternational.site\/index.php\/media\/facebook\/","title":{"rendered":"Facebook"},"content":{"rendered":"<h1 style=\"text-align: center;\">Facebook<\/h1>\n<h2 style=\"text-align: left;\">SMA Generalate \/ Generalat SMA<\/h2>\n<p><a href=\"https:\/\/www.facebook.com\/smamediacenter\" target=\"_blank\" rel=\"noopener noreferrer\">Sma Internationale<\/a><\/p>\n<h2 style=\"text-align: center;\"><b>SMA Units \/ Entit\u00e9s SMA<\/b><\/h2>\n<h3><b>Provinces<\/b><\/h3>\n<p>Benin-Niger Sma Internationale<\/p>\n<p>C\u00f4te d\u2019Ivoire: <a href=\"https:\/\/www.facebook.com\/ProvinceSmaCI\" target=\"_blank\" rel=\"noopener noreferrer\">Soci\u00e9t\u00e9 des Missions Africaines &#8211; SMA C\u00f4te d&#8217;Ivoire<\/a><\/p>\n<p>Espagne: <a href=\"https:\/\/www.facebook.com\/sociedadmisionesafricanas\" target=\"_blank\" rel=\"noopener noreferrer\">Misiones Africanas<\/a><\/p>\n<p>France \u2013 Lyon: <a href=\"https:\/\/www.facebook.com\/missionsafricaineslyon\" target=\"_blank\" rel=\"noopener noreferrer\">Missions Africaines &#8211; Province de Lyon<\/a><\/p>\n<p>France \u2013 Strasbourg:<\/p>\n<p>Ghana: <a href=\"https:\/\/www.facebook.com\/SMAGHANAPROVINCE\" target=\"_blank\" rel=\"noopener noreferrer\">SMA GHANA<\/a><\/p>\n<p>India: <a href=\"https:\/\/www.facebook.com\/sma.india.31\" target=\"_blank\" rel=\"noopener noreferrer\">Sma India<\/a>;\u00a0 <a href=\"https:\/\/www.facebook.com\/profile.php?id=100010519413790\" target=\"_blank\" rel=\"noopener noreferrer\">Sma India<\/a><\/p>\n<p>Ireland: <a href=\"https:\/\/www.facebook.com\/SMAIreland\" target=\"_blank\" rel=\"noopener noreferrer\">SMAIreland<\/a><\/p>\n<p>Italy: <a href=\"https:\/\/www.facebook.com\/societamissioniafricane\" target=\"_blank\" rel=\"noopener noreferrer\">SMA &#8211; Societ\u00e0 delle Missioni Africane<\/a><\/p>\n<p>Nigeria:<\/p>\n<p>Poland: <a href=\"https:\/\/www.facebook.com\/smapiwniczna\" target=\"_blank\" rel=\"noopener noreferrer\">SMA Piwniczna<\/a><\/p>\n<p>The Netherlands: <a href=\"https:\/\/www.facebook.com\/sma.amsterdam\" target=\"_blank\" rel=\"noopener noreferrer\">Sma Amsterdam<\/a><\/p>\n<p>Togo: https: <a href=\"https:\/\/www.facebook.com\/lesperessmatogo\" target=\"_blank\" rel=\"noopener noreferrer\">Province SMA Togo<\/a><\/p>\n<p>United Kingdom:<\/p>\n<p>United States: <a href=\"https:\/\/www.facebook.com\/SMATenafly\" target=\"_blank\" rel=\"noopener noreferrer\">Sma Fathers NJ<\/a><\/p>\n<h3><b>Districts<\/b><\/h3>\n<p>Canada<\/p>\n<p>Kenya: <a href=\"https:\/\/www.facebook.com\/SMAKenya\" target=\"_blank\" rel=\"noopener noreferrer\">SMA Kenya District<\/a><\/p>\n<p>Liberia: <a href=\"https:\/\/www.facebook.com\/sma.liberia\" target=\"_blank\" rel=\"noopener noreferrer\">Sma Liberia<\/a><\/p>\n<p>Philippines: <a href=\"https:\/\/www.facebook.com\/SMA-Philippines-District-Mission-112726950425899\" target=\"_blank\" rel=\"noopener noreferrer\">SMA Philippines&#8217; District<\/a><\/p>\n<p>R\u00e9publique Centrafricaine: <a href=\"https:\/\/www.facebook.com\/smacentrafrique.beafrica\" target=\"_blank\" rel=\"noopener noreferrer\">Sma Centrafrique Beafrica<\/a><\/p>\n<p>R\u00e9publique Democratique du Congo<\/p>\n<p>Tanzania: <a href=\"https:\/\/www.facebook.com\/tangasma\" target=\"_blank\" rel=\"noopener noreferrer\">TANGA SMA<\/a><\/p>\n<p>Zambia: <a href=\"https:\/\/www.facebook.com\/SMAMediaCentreNdola\" target=\"_blank\" rel=\"noopener noreferrer\">SMA Media Centre, Zambia<\/a><\/p>\n<h3><b>Delegations<\/b><\/h3>\n<p>Angola: <a href=\"https:\/\/www.facebook.com\/smaangola\" target=\"_blank\" rel=\"noopener noreferrer\">Sociedade das Miss\u00f5es Africanas &#8211; SMA Angola<\/a><\/p>\n<p>Egypte<\/p>\n<p>Sierra Leone:<\/p>\n<p>South Africa<\/p>\n<h2 style=\"text-align: center;\"><b>Formation Houses \/ Maisons de formation<\/b><\/h2>\n<p>Benin \u2013 Calavi<\/p>\n<p>C\u00f4te d\u2019Ivoire \u2013 Anyama: <a href=\"https:\/\/www.facebook.com\/Foyer-SMA-Ebimp%C3%A9-C%C3%B4te-dIvoire-115516910284256\" target=\"_blank\" rel=\"noopener noreferrer\">Foyer SMA, Ebimp\u00e9 &#8211; C\u00f4te d&#8217;Ivoire<\/a><\/p>\n<p>Ghana \u2013 Sowutuom: <a href=\"https:\/\/www.facebook.com\/formationhousesowutuom.sma\" target=\"_blank\" rel=\"noopener noreferrer\">Sma Formation House Ghana<\/a><\/p>\n<p>India \u2013 Karumathur<\/p>\n<p>India \u2013 Mangadu: <a href=\"https:\/\/www.facebook.com\/smaindiachennai\" target=\"_blank\" rel=\"noopener noreferrer\">Society of African Missions_INDIA<\/a><\/p>\n<p>Kenya \u2013 Nairobi: <a href=\"https:\/\/www.facebook.com\/SMAFormationHouseNairobi\" target=\"_blank\" rel=\"noopener noreferrer\">SMA House of Formation Nairobi, Kenya<\/a><\/p>\n<p>Nigeria \u2013 Bodija<\/p>\n<p>Philippines \u2013 Manila<\/p>\n<p>RD Congo \u2013 Kimwenza<\/p>\n<p>R\u00e9publique Centrafricaine \u2013 Bimbo<\/p>\n<p>Togo \u2013 Agodeke<\/p>\n<p>Zambia \u2013 Kabwe<\/p>\n<h2 style=\"text-align: center;\"><b>Other SMA websites \/ Autres sites web SMA<\/b><\/h2>\n<p>Carrefour des Cultures Africaines \u2013 CCA:<\/p>\n<p>FormationPlus:<\/p>\n<p>R\u00e9seau Shalom de Transformation de Conflit et de R\u00e9conciliation \u2013 REST-COR: <a href=\"https:\/\/www.facebook.com\/Rest-cor-Officiel-100544488510958\" target=\"_blank\" rel=\"noopener noreferrer\">Rest-cor Officiel<\/a><\/p>\n<p>SMA Lay missionary groups:<\/p>\n<h2 style=\"text-align: center;\"><b>Our joint-projects \/ Nos projets conjoints<\/b><\/h2>\n<p>Africa-Europe Faith and Justice Network \u2013 AEFJN:<\/p>\n<p>Africa Faith and Justice Network \u2013 AFJN: <a href=\"https:\/\/www.facebook.com\/AFJNDC\/?ref=ts\" target=\"_blank\" rel=\"noopener noreferrer\">Africa Faith &amp; Justice Network<\/a><\/p>\n<p>Institut Catholique Missionnaire d\u2019Abidjan \u2013 ICMA: <a href=\"https:\/\/www.facebook.com\/groups\/564269370405509\" target=\"_blank\" rel=\"noopener noreferrer\">Institut Catholique Missionnaire d&#8217;Abidjan (ICMA)<\/a><\/p>\n<p>Inter-Congregational Ongoing Formation \u2013 ICOF: <a href=\"https:\/\/www.facebook.com\/ICOF-Program-470389049975595\" target=\"_blank\" rel=\"noopener noreferrer\">ICOF Program<\/a><\/p>\n<p>Service de documentation et d\u2019\u00e9tude \u2013 SEDOS: <a href=\"https:\/\/www.facebook.com\/sedosmission.org\" target=\"_blank\" rel=\"noopener noreferrer\">SEDOS<\/a><\/p>\n<p>Tangaza University College: <a href=\"https:\/\/www.facebook.com\/tangaza\" target=\"_blank\" rel=\"noopener noreferrer\">Tangaza University College<\/a><\/p>\n<h2 style=\"text-align: center;\"><b>Our collaborators \/ Nos collaborateurs<\/b><\/h2>\n<p>Congregation of the Holy Spirit (Generalate) \u2013 Spiritans:<\/p>\n<p>Missionaries of Africa (Generalate) \u2013 White Fathers: <a href=\"https:\/\/www.facebook.com\/mafrome.en\" target=\"_blank\" rel=\"noopener noreferrer\">Missionaries of Africa<\/a><\/p>\n<p>Missionnaires d\u2019Afrique (G\u00e9n\u00e9ralat) \u2013 P\u00e8res blancs: <a href=\"https:\/\/www.facebook.com\/mafrome.fr\" target=\"_blank\" rel=\"noopener noreferrer\">Missionnaires d&#8217;Afrique<\/a><\/p>\n<p>Missionary Sisters of Our Lady of Africa \u2013 MSOLA: <a href=\"https:\/\/www.facebook.com\/missionnary.sisters\" target=\"_blank\" rel=\"noopener noreferrer\">Missionary Sisters of Our Lady of Africa &#8211; White Sisters<\/a><\/p>\n<p>Shalom Center for Conflict Resolution and Reconciliation \u2013 Shalom: <a href=\"https:\/\/www.facebook.com\/shalomconflictcenter\" target=\"_blank\" rel=\"noopener noreferrer\">Shalom Center For Conflict Resolution and Reconciliation &#8211; SCCRR<\/a><\/p>\n<p>Sisters of Our Lady of Apostles -OLA:<\/p>\n<p>Soeurs Missionnaires Notre Dame des Ap\u00f4tres \u2013 NDA:<\/p>\n<p>Soeurs Missionnaires Cat\u00e9chistes du Sacr\u00e9 Coeur \u2013 MCSC:<\/p>\n<p>Solidarity with South Sudan: <a href=\"https:\/\/www.facebook.com\/solidaritywithsouthsudan\" target=\"_blank\" rel=\"noopener noreferrer\">Solidarity with South Sudan<\/a><\/p>\n<h2 style=\"text-align: center;\"><b>Useful websites \/ Sites web utiles<\/b><\/h2>\n<p>Vatican News: <a href=\"https:\/\/www.facebook.com\/vaticannews.fr\" target=\"_blank\" rel=\"noopener noreferrer\">Vatican News<\/a><\/p>\n\n\n<p><\/p>\n","protected":false},"excerpt":{"rendered":"<p>Facebook SMA Generalate \/ Generalat SMA Sma Internationale SMA Units \/ Entit\u00e9s SMA Provinces Benin-Niger Sma Internationale C\u00f4te d\u2019Ivoire: Soci\u00e9t\u00e9 des Missions Africaines &#8211; SMA C\u00f4te d&#8217;Ivoire Espagne: Misiones Africanas France \u2013 Lyon: Missions Africaines &#8211; Province de Lyon France \u2013 Strasbourg: Ghana: SMA GHANA India: Sma India;\u00a0 Sma India Ireland: SMAIreland Italy: SMA &#8211; [&hellip;]<\/p>\n","protected":false},"author":3,"featured_media":0,"parent":484,"menu_order":0,"comment_status":"closed","ping_status":"closed","template":"","meta":{"footnotes":""},"class_list":["post-895","page","type-page","status-publish","hentry"],"jetpack_sharing_enabled":true,"_links":{"self":[{"href":"https:\/\/www.formationplus.smainternational.site\/index.php\/wp-json\/wp\/v2\/pages\/895","targetHints":{"allow":["GET"]}}],"collection":[{"href":"https:\/\/www.formationplus.smainternational.site\/index.php\/wp-json\/wp\/v2\/pages"}],"about":[{"href":"https:\/\/www.formationplus.smainternational.site\/index.php\/wp-json\/wp\/v2\/types\/page"}],"author":[{"embeddable":true,"href":"https:\/\/www.formationplus.smainternational.site\/index.php\/wp-json\/wp\/v2\/users\/3"}],"replies":[{"embeddable":true,"href":"https:\/\/www.formationplus.smainternational.site\/index.php\/wp-json\/wp\/v2\/comments?post=895"}],"version-history":[{"count":16,"href":"https:\/\/www.formationplus.smainternational.site\/index.php\/wp-json\/wp\/v2\/pages\/895\/revisions"}],"predecessor-version":[{"id":1180,"href":"https:\/\/www.formationplus.smainternational.site\/index.php\/wp-json\/wp\/v2\/pages\/895\/revisions\/1180"}],"up":[{"embeddable":true,"href":"https:\/\/www.formationplus.smainternational.site\/index.php\/wp-json\/wp\/v2\/pages\/484"}],"wp:attachment":[{"href":"https:\/\/www.formationplus.smainternational.site\/index.php\/wp-json\/wp\/v2\/media?parent=895"}],"curies":[{"name":"wp","href":"https:\/\/api.w.org\/{rel}","templated":true}]}}